{"id":11,"date":"2022-09-30T11:09:34","date_gmt":"2022-09-30T11:09:34","guid":{"rendered":"https:\/\/www.mittecomm.com\/sunmoney\/?page_id=11"},"modified":"2022-11-15T21:02:06","modified_gmt":"2022-11-15T21:02:06","slug":"solar-power-plants","status":"publish","type":"page","link":"https:\/\/www.mittecomm.com\/sunmoney\/solar-power-plants\/","title":{"rendered":"Solar Power Plants"},"content":{"rendered":"\t\t<div data-elementor-type=\"wp-page\" data-elementor-id=\"11\" class=\"elementor elementor-11\">\n\t\t\t\t\t\t\t\t\t<section class=\"elementor-section elementor-top-section elementor-element elementor-element-b1180a1 elementor-section-boxed elementor-section-height-default elementor-section-height-default\" data-id=\"b1180a1\" data-element_type=\"section\">\n\t\t\t\t\t\t<div class=\"elementor-container elementor-column-gap-default\">\n\t\t\t\t\t<div class=\"elementor-column elementor-col-100 elementor-top-column elementor-element elementor-element-b8e53aa\" data-id=\"b8e53aa\" data-element_type=\"column\">\n\t\t\t<div class=\"elementor-widget-wrap elementor-element-populated\">\n\t\t\t\t\t\t\t\t<div class=\"elementor-element elementor-element-89c71f0 elementor-widget elementor-widget-heading\" data-id=\"89c71f0\" data-element_type=\"widget\" data-widget_type=\"heading.default\">\n\t\t\t\t<div class=\"elementor-widget-container\">\n\t\t\t<style>\/*! elementor - v3.7.8 - 02-10-2022 *\/\n.elementor-heading-title{padding:0;margin:0;line-height:1}.elementor-widget-heading .elementor-heading-title[class*=elementor-size-]>a{color:inherit;font-size:inherit;line-height:inherit}.elementor-widget-heading .elementor-heading-title.elementor-size-small{font-size:15px}.elementor-widget-heading .elementor-heading-title.elementor-size-medium{font-size:19px}.elementor-widget-heading .elementor-heading-title.elementor-size-large{font-size:29px}.elementor-widget-heading .elementor-heading-title.elementor-size-xl{font-size:39px}.elementor-widget-heading .elementor-heading-title.elementor-size-xxl{font-size:59px}<\/style><p class=\"elementor-heading-title elementor-size-default\">Solar Power Plants<\/p>\t\t<\/div>\n\t\t\t\t<\/div>\n\t\t\t\t<section class=\"elementor-section elementor-inner-section elementor-element elementor-element-c62c89e elementor-section-full_width elementor-section-height-default elementor-section-height-default\" data-id=\"c62c89e\" data-element_type=\"section\">\n\t\t\t\t\t\t<div class=\"elementor-container elementor-column-gap-custom\">\n\t\t\t\t\t<div class=\"elementor-column elementor-col-25 elementor-inner-column elementor-element elementor-element-cf7f750\" data-id=\"cf7f750\" data-element_type=\"column\">\n\t\t\t<div class=\"elementor-widget-wrap elementor-element-populated\">\n\t\t\t\t\t\t\t\t<div class=\"elementor-element elementor-element-af78fb4 elementor-widget elementor-widget-image\" data-id=\"af78fb4\" data-element_type=\"widget\" data-widget_type=\"image.default\">\n\t\t\t\t<div class=\"elementor-widget-container\">\n\t\t\t<style>\/*! elementor - v3.7.8 - 02-10-2022 *\/\n.elementor-widget-image{text-align:center}.elementor-widget-image a{display:inline-block}.elementor-widget-image a img[src$=\".svg\"]{width:48px}.elementor-widget-image img{vertical-align:middle;display:inline-block}<\/style>\t\t\t\t\t\t\t\t\t\t\t\t<img decoding=\"async\" width=\"373\" height=\"373\" src=\"https:\/\/www.mittecomm.com\/sunmoney\/wp-content\/uploads\/2022\/10\/Group-309.png\" class=\"attachment-large size-large\" alt=\"\" loading=\"lazy\" srcset=\"https:\/\/www.mittecomm.com\/sunmoney\/wp-content\/uploads\/2022\/10\/Group-309.png 373w, https:\/\/www.mittecomm.com\/sunmoney\/wp-content\/uploads\/2022\/10\/Group-309-300x300.png 300w, https:\/\/www.mittecomm.com\/sunmoney\/wp-content\/uploads\/2022\/10\/Group-309-150x150.png 150w\" sizes=\"(max-width: 373px) 100vw, 373px\" \/>\t\t\t\t\t\t\t\t\t\t\t\t\t\t\t<\/div>\n\t\t\t\t<\/div>\n\t\t\t\t<div class=\"elementor-element elementor-element-c084ff4 elementor-widget elementor-widget-heading\" data-id=\"c084ff4\" data-element_type=\"widget\" data-widget_type=\"heading.default\">\n\t\t\t\t<div class=\"elementor-widget-container\">\n\t\t\t<p class=\"elementor-heading-title elementor-size-default\">Lajosmizse<\/p>\t\t<\/div>\n\t\t\t\t<\/div>\n\t\t\t\t\t<\/div>\n\t\t<\/div>\n\t\t\t\t<div class=\"elementor-column elementor-col-25 elementor-inner-column elementor-element elementor-element-19cf9ee\" data-id=\"19cf9ee\" data-element_type=\"column\">\n\t\t\t<div class=\"elementor-widget-wrap elementor-element-populated\">\n\t\t\t\t\t\t\t\t<div class=\"elementor-element elementor-element-67eb917 elementor-widget elementor-widget-image\" data-id=\"67eb917\" data-element_type=\"widget\" data-widget_type=\"image.default\">\n\t\t\t\t<div class=\"elementor-widget-container\">\n\t\t\t\t\t\t\t\t\t\t\t\t\t\t\t<img decoding=\"async\" width=\"373\" height=\"373\" src=\"https:\/\/www.mittecomm.com\/sunmoney\/wp-content\/uploads\/2022\/10\/Rectangle-322.png\" class=\"attachment-large size-large\" alt=\"\" loading=\"lazy\" srcset=\"https:\/\/www.mittecomm.com\/sunmoney\/wp-content\/uploads\/2022\/10\/Rectangle-322.png 373w, https:\/\/www.mittecomm.com\/sunmoney\/wp-content\/uploads\/2022\/10\/Rectangle-322-300x300.png 300w, https:\/\/www.mittecomm.com\/sunmoney\/wp-content\/uploads\/2022\/10\/Rectangle-322-150x150.png 150w\" sizes=\"(max-width: 373px) 100vw, 373px\" \/>\t\t\t\t\t\t\t\t\t\t\t\t\t\t\t<\/div>\n\t\t\t\t<\/div>\n\t\t\t\t<div class=\"elementor-element elementor-element-d266555 elementor-widget elementor-widget-heading\" data-id=\"d266555\" data-element_type=\"widget\" data-widget_type=\"heading.default\">\n\t\t\t\t<div class=\"elementor-widget-container\">\n\t\t\t<p class=\"elementor-heading-title elementor-size-default\">K\u00f6r\u00f6m<\/p>\t\t<\/div>\n\t\t\t\t<\/div>\n\t\t\t\t<div class=\"elementor-element elementor-element-a167182 elementor-widget elementor-widget-heading\" data-id=\"a167182\" data-element_type=\"widget\" data-widget_type=\"heading.default\">\n\t\t\t\t<div class=\"elementor-widget-container\">\n\t\t\t<p class=\"elementor-heading-title elementor-size-default\">SunMoney Sierra<\/p>\t\t<\/div>\n\t\t\t\t<\/div>\n\t\t\t\t\t<\/div>\n\t\t<\/div>\n\t\t\t\t<div class=\"elementor-column elementor-col-25 elementor-inner-column elementor-element elementor-element-350b828\" data-id=\"350b828\" data-element_type=\"column\">\n\t\t\t<div class=\"elementor-widget-wrap elementor-element-populated\">\n\t\t\t\t\t\t\t\t<div class=\"elementor-element elementor-element-7b61b7d elementor-widget elementor-widget-image\" data-id=\"7b61b7d\" data-element_type=\"widget\" data-widget_type=\"image.default\">\n\t\t\t\t<div class=\"elementor-widget-container\">\n\t\t\t\t\t\t\t\t\t\t\t\t\t\t\t<img decoding=\"async\" width=\"373\" height=\"373\" src=\"https:\/\/www.mittecomm.com\/sunmoney\/wp-content\/uploads\/2022\/10\/Rectangle-323.png\" class=\"attachment-large size-large\" alt=\"\" loading=\"lazy\" srcset=\"https:\/\/www.mittecomm.com\/sunmoney\/wp-content\/uploads\/2022\/10\/Rectangle-323.png 373w, https:\/\/www.mittecomm.com\/sunmoney\/wp-content\/uploads\/2022\/10\/Rectangle-323-300x300.png 300w, https:\/\/www.mittecomm.com\/sunmoney\/wp-content\/uploads\/2022\/10\/Rectangle-323-150x150.png 150w\" sizes=\"(max-width: 373px) 100vw, 373px\" \/>\t\t\t\t\t\t\t\t\t\t\t\t\t\t\t<\/div>\n\t\t\t\t<\/div>\n\t\t\t\t<div class=\"elementor-element elementor-element-be016be elementor-widget elementor-widget-heading\" data-id=\"be016be\" data-element_type=\"widget\" data-widget_type=\"heading.default\">\n\t\t\t\t<div class=\"elementor-widget-container\">\n\t\t\t<p class=\"elementor-heading-title elementor-size-default\">Kisv\u00e1rda<\/p>\t\t<\/div>\n\t\t\t\t<\/div>\n\t\t\t\t<div class=\"elementor-element elementor-element-657ea54 elementor-widget elementor-widget-heading\" data-id=\"657ea54\" data-element_type=\"widget\" data-widget_type=\"heading.default\">\n\t\t\t\t<div class=\"elementor-widget-container\">\n\t\t\t<p class=\"elementor-heading-title elementor-size-default\">SunMoney Everest <\/p>\t\t<\/div>\n\t\t\t\t<\/div>\n\t\t\t\t\t<\/div>\n\t\t<\/div>\n\t\t\t\t<div class=\"elementor-column elementor-col-25 elementor-inner-column elementor-element elementor-element-fcc0144\" data-id=\"fcc0144\" data-element_type=\"column\">\n\t\t\t<div class=\"elementor-widget-wrap elementor-element-populated\">\n\t\t\t\t\t\t\t\t<div class=\"elementor-element elementor-element-9f60e80 elementor-widget elementor-widget-image\" data-id=\"9f60e80\" data-element_type=\"widget\" data-widget_type=\"image.default\">\n\t\t\t\t<div class=\"elementor-widget-container\">\n\t\t\t\t\t\t\t\t\t\t\t\t\t\t\t<img decoding=\"async\" width=\"373\" height=\"373\" src=\"https:\/\/www.mittecomm.com\/sunmoney\/wp-content\/uploads\/2022\/10\/Rectangle-324.png\" class=\"attachment-large size-large\" alt=\"\" loading=\"lazy\" srcset=\"https:\/\/www.mittecomm.com\/sunmoney\/wp-content\/uploads\/2022\/10\/Rectangle-324.png 373w, https:\/\/www.mittecomm.com\/sunmoney\/wp-content\/uploads\/2022\/10\/Rectangle-324-300x300.png 300w, https:\/\/www.mittecomm.com\/sunmoney\/wp-content\/uploads\/2022\/10\/Rectangle-324-150x150.png 150w\" sizes=\"(max-width: 373px) 100vw, 373px\" \/>\t\t\t\t\t\t\t\t\t\t\t\t\t\t\t<\/div>\n\t\t\t\t<\/div>\n\t\t\t\t<div class=\"elementor-element elementor-element-c3a45f4 elementor-widget elementor-widget-heading\" data-id=\"c3a45f4\" data-element_type=\"widget\" data-widget_type=\"heading.default\">\n\t\t\t\t<div class=\"elementor-widget-container\">\n\t\t\t<p class=\"elementor-heading-title elementor-size-default\">Orosh\u00e1za<\/p>\t\t<\/div>\n\t\t\t\t<\/div>\n\t\t\t\t<div class=\"elementor-element elementor-element-4ebc122 elementor-widget elementor-widget-heading\" data-id=\"4ebc122\" data-element_type=\"widget\" data-widget_type=\"heading.default\">\n\t\t\t\t<div class=\"elementor-widget-container\">\n\t\t\t<p class=\"elementor-heading-title elementor-size-default\">SunMoney Sinai <\/p>\t\t<\/div>\n\t\t\t\t<\/div>\n\t\t\t\t\t<\/div>\n\t\t<\/div>\n\t\t\t\t\t\t\t<\/div>\n\t\t<\/section>\n\t\t\t\t\t<\/div>\n\t\t<\/div>\n\t\t\t\t\t\t\t<\/div>\n\t\t<\/section>\n\t\t\t\t\t\t\t<\/div>\n\t\t","protected":false},"excerpt":{"rendered":"<p>Solar Power Plants Lajosmizse K\u00f6r\u00f6m SunMoney Sierra Kisv\u00e1rda SunMoney Everest Orosh\u00e1za SunMoney Sinai<\/p>\n","protected":false},"author":1,"featured_media":0,"parent":0,"menu_order":0,"comment_status":"closed","ping_status":"closed","template":"","meta":[],"_links":{"self":[{"href":"https:\/\/www.mittecomm.com\/sunmoney\/wp-json\/wp\/v2\/pages\/11"}],"collection":[{"href":"https:\/\/www.mittecomm.com\/sunmoney\/wp-json\/wp\/v2\/pages"}],"about":[{"href":"https:\/\/www.mittecomm.com\/sunmoney\/wp-json\/wp\/v2\/types\/page"}],"author":[{"embeddable":true,"href":"https:\/\/www.mittecomm.com\/sunmoney\/wp-json\/wp\/v2\/users\/1"}],"replies":[{"embeddable":true,"href":"https:\/\/www.mittecomm.com\/sunmoney\/wp-json\/wp\/v2\/comments?post=11"}],"version-history":[{"count":6,"href":"https:\/\/www.mittecomm.com\/sunmoney\/wp-json\/wp\/v2\/pages\/11\/revisions"}],"predecessor-version":[{"id":1500,"href":"https:\/\/www.mittecomm.com\/sunmoney\/wp-json\/wp\/v2\/pages\/11\/revisions\/1500"}],"wp:attachment":[{"href":"https:\/\/www.mittecomm.com\/sunmoney\/wp-json\/wp\/v2\/media?parent=11"}],"curies":[{"name":"wp","href":"https:\/\/api.w.org\/{rel}","templated":true}]}}